{"id":880,"date":"2019-08-26T07:13:24","date_gmt":"2019-08-26T07:13:24","guid":{"rendered":"https:\/\/kuonilaw.ch\/privacy-policy-2\/"},"modified":"2019-10-23T06:21:44","modified_gmt":"2019-10-23T06:21:44","slug":"datenschutzerklaerung","status":"publish","type":"page","link":"https:\/\/kuonilaw.ch\/en\/datenschutzerklaerung\/","title":{"rendered":"Datenschutzerkl\u00e4rung"},"content":{"rendered":"<p>[et_pb_section fb_built=&#8221;1&#8243; fullwidth=&#8221;on&#8221; admin_label=&#8221;Hero Section&#8221; _builder_version=&#8221;3.27.4&#8243; background_image=&#8221;https:\/\/kuonilaw.ch\/wp-content\/uploads\/2019\/08\/GettyImages-616220236.jpg&#8221; custom_padding=&#8221;||329px|||&#8221; border_style_all=&#8221;none&#8221; fb_built=&#8221;1&#8243; _i=&#8221;0&#8243; _address=&#8221;0&#8243;][\/et_pb_section][et_pb_section fb_built=&#8221;1&#8243; admin_label=&#8221;Services&#8221; _builder_version=&#8221;3.22&#8243; custom_margin=&#8221;-68px|||||&#8221; custom_padding=&#8221;1px|0px|26px|0px||&#8221; fb_built=&#8221;1&#8243; _i=&#8221;1&#8243; _address=&#8221;1&#8243;][et_pb_row _builder_version=&#8221;3.25&#8243; custom_margin=&#8221;0px|auto||auto||&#8221; custom_padding=&#8221;46px|||||&#8221; animation_style=&#8221;fade&#8221; _i=&#8221;0&#8243; _address=&#8221;1.0&#8243;][et_pb_column type=&#8221;4_4&#8243; _builder_version=&#8221;3.25&#8243; custom_padding=&#8221;|||&#8221; _i=&#8221;0&#8243; _address=&#8221;1.0.0&#8243; custom_padding__hover=&#8221;|||&#8221;][et_pb_text _builder_version=&#8221;3.27.4&#8243; text_font=&#8221;Cormorant Garamond|500|||||||&#8221; text_text_color=&#8221;#000000&#8243; text_font_size=&#8221;50px&#8221; text_line_height=&#8221;1.8em&#8221; header_font=&#8221;||||||||&#8221; header_font_size=&#8221;21px&#8221; header_2_font=&#8221;Playfair Display|700|||||||&#8221; header_2_font_size=&#8221;46px&#8221; header_2_letter_spacing=&#8221;1px&#8221; header_2_line_height=&#8221;1.4em&#8221; header_3_font=&#8221;Poppins|700||on|||||&#8221; header_3_text_color=&#8221;#edbb5f&#8221; header_3_font_size=&#8221;39px&#8221; header_3_letter_spacing=&#8221;1px&#8221; header_3_line_height=&#8221;2em&#8221; text_orientation=&#8221;center&#8221; max_width=&#8221;700px&#8221; module_alignment=&#8221;center&#8221; _i=&#8221;0&#8243; _address=&#8221;1.0.0.0&#8243;]<\/p>\n<p>Datenschutzerkl\u00e4rung<\/p>\n<p>[\/et_pb_text][et_pb_divider color=&#8221;#428bca&#8221; divider_weight=&#8221;2px&#8221; _builder_version=&#8221;3.27.3&#8243; max_width=&#8221;60px&#8221; module_alignment=&#8221;center&#8221; height=&#8221;2px&#8221; _i=&#8221;1&#8243; _address=&#8221;1.0.0.1&#8243;][\/et_pb_divider][\/et_pb_column][\/et_pb_row][et_pb_row _builder_version=&#8221;3.27.4&#8243; _i=&#8221;1&#8243; _address=&#8221;1.1&#8243;][et_pb_column type=&#8221;4_4&#8243; _builder_version=&#8221;3.27.4&#8243; _i=&#8221;0&#8243; _address=&#8221;1.1.0&#8243;][et_pb_text _builder_version=&#8221;3.29.3&#8243; max_width=&#8221;80%&#8221; module_alignment=&#8221;center&#8221; _i=&#8221;0&#8243; _address=&#8221;1.1.0.0&#8243;]<\/p>\n<div class=\"et_pb_module et_pb_text et_pb_text_1 et_pb_bg_layout_light  et_pb_text_align_left\">\n<div class=\"et_pb_text_inner\">\n<p><a href=\"http:\/\/kuonilaw.ch\/\"><\/a>1.\u00a0<strong style=\"font-size: 14px;\">\u00a0<\/strong><strong style=\"font-size: 14px;\">Einf\u00fchrung<\/strong><\/p>\n<p>Kuoni Rechtsanw\u00e4lte ist die Wahrung Ihrer Privatsph\u00e4re wichtig. Diese Datenschutzerkl\u00e4rung zeigt unser Engagement f\u00fcr die Wahrung Ihrer Privatsph\u00e4re und der Vertraulichkeit Ihrer personenbezogenen Daten (\u201epersonenbezogene Daten\u201c), wenn Sie unsere Website nutzen oder mit uns kommunizieren.<\/p>\n<ol start=\"2\">\n<li><strong> <\/strong><strong>Von uns verarbeitete personenbezogene Daten<\/strong><\/li>\n<\/ol>\n<p>Wir verarbeiten die personenbezogenen Daten, die Sie uns bei der Kommunikation mit uns zur Verf\u00fcgung stellen (z.B. Name, E-Mail-Adresse und Postanschrift, Telefonnummer, Sprachpr\u00e4ferenz, Berufsbezeichnung, Gesch\u00e4ftsbeziehungen und Inhalt der Kommunikation). Die personenbezogenen Daten k\u00f6nnen sich sowohl auf Sie als auch auf Ihre Mitarbeiter und Vertreter beziehen. In einigen F\u00e4llen werden die personenbezogenen Daten durch Informationen aus \u00f6ffentlichen Quellen, wie Online-Medien oder Arbeitgeber-Websites, erg\u00e4nzt, um Ihre aktuelle berufliche Position zu best\u00e4tigen oder weitere Informationen zu erhalten, damit wir wirksam mit Ihnen kommunizieren k\u00f6nnen.<\/p>\n<ol start=\"3\">\n<li><strong> <\/strong><strong>Zweckbestimmung der Verarbeitung Ihrer personenbezogenen Daten<\/strong><\/li>\n<\/ol>\n<p>Wir verwenden personenbezogene Daten zum Zweck der Verwaltung unserer Beziehung und Kommunikation mit Ihnen, insbesondere um unsere Kontaktliste zu f\u00fchren und\/oder um Ihnen andere Informationen zur Verf\u00fcgung zu stellen, die Sie von uns anfordern k\u00f6nnen. Personenbezogene Daten werden von uns und unseren Technologielieferanten (die verpflichtet sind, Ihre personenbezogenen Daten im gleichen Umfang wie wir zu sch\u00fctzen) verwendet. Wir verkaufen oder \u00fcbertragen Ihre personenbezogenen Daten nicht an Dritte, es sei denn, Sie haben vorher Ihre Zustimmung erteilt oder wir sind nach geltendem Recht oder Vorschriften dazu verpflichtet. Wir \u00fcberwachen weder Ihr Verhalten, noch verfolgen wir Ihren physischen Standort oder setzen Sie einer Profilerstellung oder automatisierten Entscheidungsfindung aus. Personenbezogene Daten im Zusammenhang mit der Kommunikation werden so lange Sie ein Gesch\u00e4ftskontakt von uns sind gespeichert, vorbehaltlich der geltenden gesetzlichen oder beh\u00f6rdlichen Aufbewahrungspflichten.<\/p>\n<ol start=\"4\">\n<li><strong> <\/strong><strong>Cookies<\/strong><\/li>\n<\/ol>\n<p>Cookies sind kleine Textdateien, die beim Besuch der Kuoni Rechtsanw\u00e4lte-Website auf Ihr Ger\u00e4t heruntergeladen werden. Cookies werden insbesondere verwendet, um die Website zu verbessern, indem statistische Informationen \u00fcber die Interaktion der Nutzer mit der Website, die Anzahl der Besucher der Website und \u00e4hnliche Informationen bereitgesellt werden. Sie k\u00f6nnen Ihre Browsereinstellungen \u00e4ndern, um Cookies zu l\u00f6schen und zu blockieren. Mit der weiteren Nutzung der Kuoni Rechtsanw\u00e4lte-Website ohne \u00c4nderung Ihrer Einstellungen stimmen Sie der Verwendung von Cookies zu.<\/p>\n<ol start=\"5\">\n<li><strong> <\/strong><strong>Unsere Grundlage f\u00fcr die Verarbeitung Ihrer personenbezogenen Daten<\/strong><\/li>\n<\/ol>\n<p>Bei der Verarbeitung personengezogener Daten f\u00fcr die beschriebenen Zwecke gehen wir von Ihrer Zustimmung zu dieser Datenschutzerkl\u00e4rung aus. Wir verlassen uns darauf, dass Sie unsere Ansichten zu den Interessen an der Kommunikation bzgl. unserer Gesch\u00e4ftst\u00e4tigkeiten mit Ihnen als Gesch\u00e4ftskontakt teilen und dabei entstehende Vorkommnisse bei der Verarbeitung Ihrer personenbezogenen Daten, sei es aus Vertrag oder einem anderen Grund gem\u00e4ss den geltenden Gesetzen und Vorschriften ebenfalls als sinnvoll erachten.<\/p>\n<ol start=\"6\">\n<li><strong> <\/strong><strong>Schutz Ihrer personenbezogenen Daten <\/strong><\/li>\n<\/ol>\n<p>Wir beschr\u00e4nken die Nutzung und den Zugriff auf Ihre personenbezogenen Daten auf diejenigen, die die personenbezogenen Daten unbedingt kennen m\u00fcssen, um Ihnen Zugang zu unserer Website zu gew\u00e4hren und\/oder mit Ihnen zu kommunizieren. Wir ergreifen geeignete technische und organisatorische Massnahmen, um die Vertraulichkeit und Integrit\u00e4t Ihrer personenbezogenen Daten zu wahren. Wir \u00fcberpr\u00fcfen regelm\u00e4ssig unsere Sicherheitsrichtlinien und Verfahren um sicherzustellen, dass unsere Systeme sicher und gesch\u00fctzt sind. Wir stellen sicher, dass alle geltenden Datenschutz- und Sicherheitsgesetze eingehalten werden.<\/p>\n<ol start=\"7\">\n<li><strong> <\/strong><strong>Ihre Interessen und Rechte<\/strong><\/li>\n<\/ol>\n<p>Wir freuen uns \u00fcber Ihre Anfragen und Bemerkungen. Sie haben das Recht von uns \u00fcber jede Verarbeitung Ihrer personenbezogenen Daten informiert zu werden, um die Rechtm\u00e4ssigkeit der Verarbeitung zu \u00fcberpr\u00fcfen. Wenn Sie von falschen oder unvollst\u00e4ndigen personenbezogenen Daten betroffen sein sollten, k\u00f6nnen Sie die Berichtigung oder Erg\u00e4nzung aller relevanter Daten verlangen. Soweit es das geltende Recht zul\u00e4sst, k\u00f6nnen Sie in bestimmten F\u00e4llen die L\u00f6schung Ihrer personenbezogener Daten oder eine vor\u00fcbergehende Einschr\u00e4nkung der Verarbeitung verlangen. Sie k\u00f6nnen auch der Verarbeitung Ihrer personenbezogener Daten widersprechen, wobei wir in diesem Fall jedoch nicht in der Lage sind, die auf die personenbezogenen Daten aufbauenden Leistungen zu erbringen.<\/p>\n<ol start=\"8\">\n<li><strong> <\/strong><strong>Kontakt<\/strong><\/li>\n<\/ol>\n<p>Falls Sie Fragen haben oder mit der Verarbeitung Ihrer personenbezogenen Daten unzufrieden sind, k\u00f6nnen Sie sich gerne an uns wenden unter unserem <a href=\"mailto:office@kuonilaw.ch\">Kontakt<\/a>\u00a0auf unserer Website.<\/p>\n<\/div>\n<\/div>\n<p>[\/et_pb_text][\/et_pb_column][\/et_pb_row][\/et_pb_section][et_pb_section fb_built=&#8221;1&#8243; admin_label=&#8221;Contact&#8221; _builder_version=&#8221;3.27.4&#8243; use_background_color_gradient=&#8221;on&#8221; background_color_gradient_start=&#8221;rgba(0,0,0,0)&#8221; background_color_gradient_end=&#8221;#0c0202&#8243; background_color_gradient_direction=&#8221;360deg&#8221; background_image=&#8221;https:\/\/kuonilaw.ch\/wp-content\/uploads\/2019\/08\/GettyImages-1084640106.jpg&#8221; parallax=&#8221;on&#8221; parallax_method=&#8221;off&#8221; custom_margin=&#8221;2px|||||&#8221; custom_padding=&#8221;0px|0px|352px|0px||&#8221; fb_built=&#8221;1&#8243; _i=&#8221;2&#8243; _address=&#8221;2&#8243;][\/et_pb_section]<\/p>\n","protected":false},"excerpt":{"rendered":"<p>Datenschutzerkl\u00e4rung 1.\u00a0\u00a0Einf\u00fchrung Kuoni Rechtsanw\u00e4lte ist die Wahrung Ihrer Privatsph\u00e4re wichtig. Diese Datenschutzerkl\u00e4rung zeigt unser Engagement f\u00fcr die Wahrung Ihrer Privatsph\u00e4re und der Vertraulichkeit Ihrer personenbezogenen Daten (\u201epersonenbezogene Daten\u201c), wenn Sie unsere Website nutzen oder mit uns kommunizieren. Von uns verarbeitete personenbezogene Daten Wir verarbeiten die personenbezogenen Daten, die Sie uns bei der Kommunikation mit uns [&hellip;]<\/p>\n","protected":false},"author":1,"featured_media":0,"parent":0,"menu_order":8,"comment_status":"closed","ping_status":"closed","template":"","meta":{"_et_pb_use_builder":"on","_et_pb_old_content":"<!-- wp:heading -->\n<h2>Who we are<\/h2>\n<!-- \/wp:heading -->\n\n<!-- wp:paragraph -->\n<p>Our website address is: https:\/\/kuonilaw.ch.<\/p>\n<!-- \/wp:paragraph -->\n\n<!-- wp:heading -->\n<h2>What personal data we collect and why we collect it<\/h2>\n<!-- \/wp:heading -->\n\n<!-- wp:heading {\"level\":3} -->\n<h3>Comments<\/h3>\n<!-- \/wp:heading -->\n\n<!-- wp:paragraph -->\n<p>When visitors leave comments on the site we collect the data shown in the comments form, and also the visitor\u2019s IP address and browser user agent string to help spam detection.<\/p>\n<!-- \/wp:paragraph -->\n\n<!-- wp:paragraph -->\n<p>An anonymized string created from your email address (also called a hash) may be provided to the Gravatar service to see if you are using it. The Gravatar service privacy policy is available here: https:\/\/automattic.com\/privacy\/. After approval of your comment, your profile picture is visible to the public in the context of your comment.<\/p>\n<!-- \/wp:paragraph -->\n\n<!-- wp:heading {\"level\":3} -->\n<h3>Media<\/h3>\n<!-- \/wp:heading -->\n\n<!-- wp:paragraph -->\n<p>If you upload images to the website, you should avoid uploading images with embedded location data (EXIF GPS) included. Visitors to the website can download and extract any location data from images on the website.<\/p>\n<!-- \/wp:paragraph -->\n\n<!-- wp:heading {\"level\":3} -->\n<h3>Contact forms<\/h3>\n<!-- \/wp:heading -->\n\n<!-- wp:heading {\"level\":3} -->\n<h3>Cookies<\/h3>\n<!-- \/wp:heading -->\n\n<!-- wp:paragraph -->\n<p>If you leave a comment on our site you may opt-in to saving your name, email address and website in cookies. These are for your convenience so that you do not have to fill in your details again when you leave another comment. These cookies will last for one year.<\/p>\n<!-- \/wp:paragraph -->\n\n<!-- wp:paragraph -->\n<p>If you visit our login page, we will set a temporary cookie to determine if your browser accepts cookies. This cookie contains no personal data and is discarded when you close your browser.<\/p>\n<!-- \/wp:paragraph -->\n\n<!-- wp:paragraph -->\n<p>When you log in, we will also set up several cookies to save your login information and your screen display choices. Login cookies last for two days, and screen options cookies last for a year. If you select \"Remember Me\", your login will persist for two weeks. If you log out of your account, the login cookies will be removed.<\/p>\n<!-- \/wp:paragraph -->\n\n<!-- wp:paragraph -->\n<p>If you edit or publish an article, an additional cookie will be saved in your browser. This cookie includes no personal data and simply indicates the post ID of the article you just edited. It expires after 1 day.<\/p>\n<!-- \/wp:paragraph -->\n\n<!-- wp:heading {\"level\":3} -->\n<h3>Embedded content from other websites<\/h3>\n<!-- \/wp:heading -->\n\n<!-- wp:paragraph -->\n<p>Articles on this site may include embedded content (e.g. videos, images, articles, etc.). Embedded content from other websites behaves in the exact same way as if the visitor has visited the other website.<\/p>\n<!-- \/wp:paragraph -->\n\n<!-- wp:paragraph -->\n<p>These websites may collect data about you, use cookies, embed additional third-party tracking, and monitor your interaction with that embedded content, including tracking your interaction with the embedded content if you have an account and are logged in to that website.<\/p>\n<!-- \/wp:paragraph -->\n\n<!-- wp:heading {\"level\":3} -->\n<h3>Analytics<\/h3>\n<!-- \/wp:heading -->\n\n<!-- wp:heading -->\n<h2>Who we share your data with<\/h2>\n<!-- \/wp:heading -->\n\n<!-- wp:heading -->\n<h2>How long we retain your data<\/h2>\n<!-- \/wp:heading -->\n\n<!-- wp:paragraph -->\n<p>If you leave a comment, the comment and its metadata are retained indefinitely. This is so we can recognize and approve any follow-up comments automatically instead of holding them in a moderation queue.<\/p>\n<!-- \/wp:paragraph -->\n\n<!-- wp:paragraph -->\n<p>For users that register on our website (if any), we also store the personal information they provide in their user profile. All users can see, edit, or delete their personal information at any time (except they cannot change their username). Website administrators can also see and edit that information.<\/p>\n<!-- \/wp:paragraph -->\n\n<!-- wp:heading -->\n<h2>What rights you have over your data<\/h2>\n<!-- \/wp:heading -->\n\n<!-- wp:paragraph -->\n<p>If you have an account on this site, or have left comments, you can request to receive an exported file of the personal data we hold about you, including any data you have provided to us. You can also request that we erase any personal data we hold about you. This does not include any data we are obliged to keep for administrative, legal, or security purposes.<\/p>\n<!-- \/wp:paragraph -->\n\n<!-- wp:heading -->\n<h2>Where we send your data<\/h2>\n<!-- \/wp:heading -->\n\n<!-- wp:paragraph -->\n<p>Visitor comments may be checked through an automated spam detection service.<\/p>\n<!-- \/wp:paragraph -->\n\n<!-- wp:heading -->\n<h2>Your contact information<\/h2>\n<!-- \/wp:heading -->\n\n<!-- wp:heading -->\n<h2>Additional information<\/h2>\n<!-- \/wp:heading -->\n\n<!-- wp:heading {\"level\":3} -->\n<h3>How we protect your data<\/h3>\n<!-- \/wp:heading -->\n\n<!-- wp:heading {\"level\":3} -->\n<h3>What data breach procedures we have in place<\/h3>\n<!-- \/wp:heading -->\n\n<!-- wp:heading {\"level\":3} -->\n<h3>What third parties we receive data from<\/h3>\n<!-- \/wp:heading -->\n\n<!-- wp:heading {\"level\":3} -->\n<h3>What automated decision making and\/or profiling we do with user data<\/h3>\n<!-- \/wp:heading -->\n\n<!-- wp:heading {\"level\":3} -->\n<h3>Industry regulatory disclosure requirements<\/h3>\n<!-- \/wp:heading -->","_et_gb_content_width":"","inline_featured_image":false},"_links":{"self":[{"href":"https:\/\/kuonilaw.ch\/en\/wp-json\/wp\/v2\/pages\/880"}],"collection":[{"href":"https:\/\/kuonilaw.ch\/en\/wp-json\/wp\/v2\/pages"}],"about":[{"href":"https:\/\/kuonilaw.ch\/en\/wp-json\/wp\/v2\/types\/page"}],"author":[{"embeddable":true,"href":"https:\/\/kuonilaw.ch\/en\/wp-json\/wp\/v2\/users\/1"}],"replies":[{"embeddable":true,"href":"https:\/\/kuonilaw.ch\/en\/wp-json\/wp\/v2\/comments?post=880"}],"version-history":[{"count":26,"href":"https:\/\/kuonilaw.ch\/en\/wp-json\/wp\/v2\/pages\/880\/revisions"}],"predecessor-version":[{"id":1127,"href":"https:\/\/kuonilaw.ch\/en\/wp-json\/wp\/v2\/pages\/880\/revisions\/1127"}],"wp:attachment":[{"href":"https:\/\/kuonilaw.ch\/en\/wp-json\/wp\/v2\/media?parent=880"}],"curies":[{"name":"wp","href":"https:\/\/api.w.org\/{rel}","templated":true}]}}